{"id":84,"date":"2025-03-18T12:29:45","date_gmt":"2025-03-18T12:29:45","guid":{"rendered":"https:\/\/elementor.test-wp.keepgo.com\/index.php\/terms-and-conditions\/"},"modified":"2026-03-02T23:46:35","modified_gmt":"2026-03-02T23:46:35","slug":"terms-and-conditions","status":"publish","type":"page","link":"https:\/\/decesims.com\/de\/terms-and-conditions\/","title":{"rendered":"Gesch\u00e4ftsbedingungen"},"content":{"rendered":"<div data-elementor-type=\"wp-page\" data-elementor-id=\"84\" class=\"elementor elementor-84\" data-elementor-post-type=\"page\">\n\t\t\t\t<div class=\"elementor-element elementor-element-2374a4ad e-flex e-con-boxed e-con e-parent\" data-id=\"2374a4ad\" data-element_type=\"container\">\n\t\t\t\t\t<div class=\"e-con-inner\">\n\t\t\t\t<div class=\"elementor-element elementor-element-191ac5b6 elementor-widget elementor-widget-heading\" data-id=\"191ac5b6\" data-element_type=\"widget\" data-widget_type=\"heading.default\">\n\t\t\t\t<div class=\"elementor-widget-container\">\n\t\t\t\t\t<h2 class=\"elementor-heading-title elementor-size-default\">Gesch\u00e4ftsbedingungen<\/h2>\t\t\t\t<\/div>\n\t\t\t\t<\/div>\n\t\t\t\t<div class=\"elementor-element elementor-element-76f76635 elementor-widget elementor-widget-text-editor\" data-id=\"76f76635\" data-element_type=\"widget\" data-widget_type=\"text-editor.default\">\n\t\t\t\t<div class=\"elementor-widget-container\">\n\t\t\t\t\t\t\t\t\t<p><em>Letzte Aktualisierung: 3. Februar 2026<\/em><\/p><h2>1. G\u00fcltigkeit der Allgemeinen Gesch\u00e4ftsbedingungen<\/h2><p>Diese Allgemeinen Gesch\u00e4ftsbedingungen regeln die Nutzung der DecESims-Website, die unter folgender Adresse verf\u00fcgbar ist: <a href=\"https:\/\/decesims.com\/de\/\">www.decesims.com<\/a> und die damit verbundenen Dienstleistungen von DecESims.<\/p><h3>1.1 Bedingungen<\/h3><p>1.1.1. Die Website DecESims wird von DecESims betrieben, die Verbindungsdienste werden von DecESims bereitgestellt.<\/p><p>1.1.2. Diese Allgemeinen Gesch\u00e4ftsbedingungen, in ihrer jeweils g\u00fcltigen Fassung, gelten f\u00fcr alle von DecESims im Zusammenhang mit der Bereitstellung von Prepaid-eSIM-Profilen f\u00fcr Kunden erbrachten Dienstleistungen. Durch den Zugriff auf, das Durchsuchen und die Nutzung unserer Website oder einer unserer Anwendungen \u00fcber eine beliebige Plattform (nachfolgend zusammenfassend als \u201eWebsite\u201c bezeichnet) und\/oder durch das Abschlie\u00dfen einer Bestellung best\u00e4tigen Sie, dass Sie die nachfolgenden Allgemeinen Gesch\u00e4ftsbedingungen und die Datenschutzerkl\u00e4rung gelesen, verstanden und akzeptiert haben.<\/p><p>1.1.3. Sonderangebote verschiedener Gesch\u00e4ftspartner k\u00f6nnen zus\u00e4tzliche oder abweichende Gesch\u00e4ftsbedingungen enthalten. In diesem Fall gelten die besonderen Gesch\u00e4ftsbedingungen.<\/p><h3>1.2 Registrierung und Konten<\/h3><p>1.2.1. Der Kunde muss gegebenenfalls ein Konto erstellen, um die Dienste von DecESims nutzen zu k\u00f6nnen. Der Kunde verpflichtet sich, bei der Registrierung korrekte Angaben zu machen.<\/p><p>1.2.2. Kunden sind f\u00fcr die Wahrung der Vertraulichkeit ihrer Kontoinformationen und f\u00fcr alle Aktivit\u00e4ten, die unter ihrem Konto stattfinden, verantwortlich.<\/p><h3>1.3 Datenschutz<\/h3><p>1.2.1. Unsere Datenschutzrichtlinie regelt die Erhebung und Verwendung personenbezogener Daten unserer Kunden. Mit der Nutzung unserer Dienste erkl\u00e4rt sich der Kunde mit unserer Datenschutzrichtlinie einverstanden.<\/p><h3>1.4 K\u00fcndigung und Aussetzung<\/h3><p>1.3.1. DecESims beh\u00e4lt sich das Recht vor, den Zugang zu den Diensten jederzeit und ohne Vorank\u00fcndigung auszusetzen oder zu beenden, wenn ein Ereignis eintritt, das auf einen Netzwerkausfall oder die Einstellung der Wartungsarbeiten zur\u00fcckzuf\u00fchren ist.<\/p><p>1.3.2. Bei der Nutzung der von DecESims angebotenen Dienste darf der Kunde keine missbr\u00e4uchlichen, illegalen oder betr\u00fcgerischen Handlungen vornehmen oder Ma\u00dfnahmen ergreifen, die das Netzwerk beeintr\u00e4chtigen oder besch\u00e4digen k\u00f6nnten. Verst\u00f6\u00dft der Kunde gegen diese Verpflichtung, kann DecESims die Nutzung des Dienstes durch den Kunden aussetzen.<\/p><p>1.4.3. Alle von DecESims angebotenen Pakete sind ausschlie\u00dflich f\u00fcr die Nutzung durch menschliche Kunden bestimmt. Die Nutzung dieser Pakete in automatisierten Systemen ist untersagt. Sollte eine Nutzung in automatisierten Systemen oder durch nicht-menschliche Systeme gew\u00fcnscht sein, muss der Kunde den Kundendienst kontaktieren und spezielle Pakete anfordern. Jeder Versto\u00df gegen diese Nutzungsbeschr\u00e4nkung kann zur K\u00fcndigung des Vertrags f\u00fchren.<\/p><h3>1.5 R\u00fcckerstattungs- und Stornierungsrichtlinien<\/h3><p>1.4.1. R\u00fcckerstattungen k\u00f6nnen vor der Aktivierung des eSIM-Profils beantragt werden. Sobald eine eSIM aktiviert, verwendet oder auf einem Ger\u00e4t installiert wurde, gilt der Kauf als endg\u00fcltig und ist nicht erstattungsf\u00e4hig, au\u00dfer wenn dies nach geltendem Recht erforderlich ist.<\/p><p>1.5.2. R\u00fcckerstattungsantr\u00e4ge m\u00fcssen per E-Mail an den DecESims-Kundendienst gerichtet werden. Die meisten Probleme lassen sich ohne R\u00fcckerstattung l\u00f6sen.<\/p><p>1.5.3. Genehmigte R\u00fcckerstattungen (ausgenommen Kryptozahlungen) unterliegen einer Bearbeitungsgeb\u00fchr von 10% zur Deckung der Geb\u00fchren des Zahlungssystems und der Verwaltungskosten. R\u00fcckerstattungen erfolgen ausschlie\u00dflich \u00fcber die urspr\u00fcnglich f\u00fcr den Kauf verwendete Zahlungsmethode.<\/p><p>1.5.4. Nach der Bearbeitung einer R\u00fcckerstattung kann es 5\u201310 Werktage dauern, bis diese auf dem Kontoauszug des Kunden erscheint. PayPal-R\u00fcckerstattungen werden in der Regel innerhalb weniger Minuten bearbeitet.<\/p><p>1.5.5. Nachf\u00fcllungen, Sonderangebote, Rabattvertr\u00e4ge und teilweise genutzte Vertr\u00e4ge sind nicht erstattungsf\u00e4hig.<\/p><p>1.5.6. Im Falle einer K\u00fcndigung der Dienstleistungen durch DecESims aufgrund von Betrug, Missbrauch, Versto\u00df gegen diese Bedingungen oder unsachgem\u00e4\u00dfer Nutzung des Dienstes erfolgt keine R\u00fcckerstattung.<\/p><p>1.5.7. Kryptozahlungen sind aufgrund der Unwiderrufbarkeit von Blockchain-Transaktionen endg\u00fcltig und nicht erstattungsf\u00e4hig.<\/p><p>1.5.8. Unterst\u00fctzte Netzwerke f\u00fcr Kryptozahlungen: Ethereum, Tron, BNB Smart Chain, Avalanche C-Chain, Solana, Polygon, Arbitrum One.<\/p><p>1.5.9. Unterst\u00fctzte Kryptow\u00e4hrungen: USDT (TRC20), BTC, DAI, AXS (ERC20), DASH, DOGE, ETH, LTC, TUSD (ERC20), USDC (ERC20), USDT (ERC20), XRP, TRX, AXS (TRC20), HT (TRC20), ETH (TRC20), ETH (BEP20), DAI (BEP20), USDT (BEP20), DESU (BEP20), ADA (BEP20), USDC (BEP20), BTCB (BEP20), CSC. Es k\u00f6nnen Mindestauszahlungslimits pro Kryptow\u00e4hrung gelten.<\/p><h2>2. Empfehlungsprogramm<\/h2><p>2.1. Durch die Teilnahme am DecESims-Empfehlungsprogramm kann der Partner (der \u201eAdvocate\u201c) f\u00fcr jede Person, die ihr erstes DecESims-Produkt \u00fcber den individuellen Empfehlungslink des Advocates erwirbt, kostenloses Datenvolumen erhalten.<\/p><p>2.2. Der Werber muss seinen individuellen Empfehlungslink erstellen und teilen. Der geworbene Freund muss diesen Link verwenden, um eine eSIM zu erwerben.<\/p><p>2.3. Belohnungen f\u00fcr F\u00fcrsprecher:<\/p><p>a. Gratis-Daten-Coupon: Der Kunde erh\u00e4lt einen Coupon f\u00fcr 3 GB Gratis-Daten, g\u00fcltig f\u00fcr seine eSIM-Leitung.<\/p><p>b. Bedingungen: Die 3 GB Datenpr\u00e4mie werden gew\u00e4hrt, wenn ein geworbener Freund \u00fcber den Empfehlungslink eine eSIM erwirbt.<\/p><p>c. G\u00fcltigkeit des Coupons: Der Datencoupon bleibt g\u00fcltig, sofern die eSIM mindestens einmal pro Jahr aufgeladen wird.<\/p><p>2.4. Pr\u00e4mien f\u00fcr geworbene Freunde:<\/p><p>a. Datengutschein: Der geworbene Freund erh\u00e4lt einen Gutschein f\u00fcr 3 GB kostenloses Datenvolumen f\u00fcr seine eSIM.<\/p><p>b. Gutscheinbeschr\u00e4nkungen: Der Empfehlungsgutschein ist nicht mit anderen Gutscheinen oder Rabatten kombinierbar. Pro Einkauf kann nur ein Gutschein eingel\u00f6st werden.<\/p><p>2.5. Bedingungen f\u00fcr die Empfehlungspr\u00e4mie:<\/p><p>a. Mindestkauf: Der geworbene Freund muss \u00fcber den Empfehlungslink eine neue SIM-Karte mit mindestens 1 GB Datenvolumen erwerben.<\/p><p>b. Pr\u00e4mienausgabe: Die Pr\u00e4mie wird innerhalb von 6 Stunden nach einem erfolgreichen Kauf erstellt und innerhalb von 7 Tagen per E-Mail versendet.<\/p><p>2.6. Bei Problemen oder wenn Sie Unterst\u00fctzung ben\u00f6tigen, k\u00f6nnen sich der Betreuer und der empfohlene Freund an den DecESims-Support wenden.<\/p><p>2.7. Missbrauch oder Versto\u00df gegen die Empfehlungsbedingungen kann zur Disqualifizierung und zum Verlust der Pr\u00e4mien f\u00fchren.<\/p><p>2.8. DecESims beh\u00e4lt sich das Recht vor, die Bedingungen des Empfehlungsprogramms mit einer Frist von mindestens f\u00fcnf Tagen schriftlich zu \u00e4ndern.<\/p><h2>3. Haftungsausschluss<\/h2><p>3.1. Die Materialien auf der DecESims-Website werden \u201ewie besehen\u201c bereitgestellt. DecESims \u00fcbernimmt keine ausdr\u00fccklichen oder stillschweigenden Gew\u00e4hrleistungen und schlie\u00dft alle anderen Gew\u00e4hrleistungen aus, einschlie\u00dflich stillschweigender Gew\u00e4hrleistungen der Marktg\u00e4ngigkeit, der Eignung f\u00fcr einen bestimmten Zweck oder der Nichtverletzung von Rechten Dritter.<\/p><p>3.2. DecESims beh\u00e4lt sich das Recht vor, die Netzbetreiber in den einzelnen L\u00e4ndern ohne vorherige Ank\u00fcndigung zu \u00e4ndern.<\/p><h2>4. Haftungsbeschr\u00e4nkungen<\/h2><p>4.1. DecESims haftet in keinem Fall f\u00fcr Sch\u00e4den, die aus der Nutzung oder der Unm\u00f6glichkeit der Nutzung von Materialien auf der DecESims-Website entstehen.<\/p><h2>5. \u00dcberarbeitungen und Fehlerhinweise<\/h2><p>5.1. Die Inhalte der DecESims-Website k\u00f6nnen Fehler enthalten. DecESims beh\u00e4lt sich das Recht vor, jederzeit und ohne Vorank\u00fcndigung \u00c4nderungen vorzunehmen.<\/p><h2>6. Links<\/h2><p>6.1. DecESims \u00fcbernimmt keine Verantwortung f\u00fcr die Inhalte verlinkter Seiten. Die Nutzung verlinkter Webseiten erfolgt auf eigene Gefahr.<\/p><h2>7. Anwendbares Recht und Gerichtsstand<\/h2><p>7.1. Diese Bedingungen unterliegen dem Recht des US-Bundesstaates Delaware und sind nach diesem auszulegen. Jegliche Streitigkeiten, Kontroversen oder Anspr\u00fcche, die sich aus oder im Zusammenhang mit diesen Bedingungen oder den Diensten ergeben, werden endg\u00fcltig durch ein verbindliches Schiedsverfahren im US-Bundesstaat Delaware gem\u00e4\u00df den Regeln der American Arbitration Association (AAA) beigelegt. Das Schiedsverfahren wird in englischer Sprache gef\u00fchrt, und die Entscheidung des Schiedsrichters ist f\u00fcr die Parteien endg\u00fcltig und bindend.<\/p><h2>8. \u00c4nderungen dieser Bedingungen<\/h2><p>8.1. DecESims kann diese Nutzungsbedingungen jederzeit \u00e4ndern. Durch die Nutzung dieser Website erkl\u00e4ren Sie sich mit der jeweils aktuellen Version einverstanden.<\/p><p class=\"MsoNormal\"><b>G\u00fcltigkeit der Allgemeinen Gesch\u00e4ftsbedingungen<\/b><\/p><p class=\"MsoNormal\">1.1. Bedingungen<\/p><p class=\"MsoNormal\">1.1.1. Die DecESims-Website wird von DecESims betrieben, mit<br \/>Die Konnektivit\u00e4tsdienste werden von DecESims bereitgestellt.<\/p><p class=\"MsoNormal\">1.1.2. Diese Allgemeinen Gesch\u00e4ftsbedingungen, in ihrer jeweils g\u00fcltigen Fassung, gelten ab<br \/>Diese Vereinbarung gilt jeweils f\u00fcr alle von DecESims im Zusammenhang mit<br \/>mit der Bereitstellung von Prepaid-eSIM-Profilen f\u00fcr Kunden. Durch Zugriff, Durchsuchen,<br \/>und die Nutzung unserer Website oder einer unserer Anwendungen \u00fcber jede beliebige Plattform<br \/>(nachfolgend gemeinsam als \u201eWebsite\u201c bezeichnet) und\/oder durch Ausf\u00fcllen eines<br \/>Mit Ihrer Bestellung best\u00e4tigen Sie, dass Sie die folgenden Bedingungen gelesen, verstanden und akzeptiert haben:<br \/>Die Allgemeinen Gesch\u00e4ftsbedingungen und die Datenschutzerkl\u00e4rung sind nachfolgend aufgef\u00fchrt.<\/p><p class=\"MsoNormal\">1.1.3. Sonderangebote \u00fcber verschiedene Gesch\u00e4ftspartner k\u00f6nnen<br \/>zus\u00e4tzliche oder ge\u00e4nderte Gesch\u00e4ftsbedingungen einbeziehen. In solchen F\u00e4llen<br \/>Es gelten die besonderen Gesch\u00e4ftsbedingungen.<\/p><p class=\"MsoNormal\">1.2. Registrierung und Konten<\/p><p class=\"MsoNormal\">1.2.1. Der Kunde muss m\u00f6glicherweise ein Konto erstellen, um<br \/>Der Kunde nutzt die Dienste von DecESims. Der Kunde verpflichtet sich, korrekte Informationen bereitzustellen.<br \/>w\u00e4hrend der Registrierung.<\/p><p class=\"MsoNormal\">1.2.2. Die Kunden sind f\u00fcr die Instandhaltung verantwortlich.<br \/>Vertraulichkeit ihrer Kontoinformationen und aller damit verbundenen Aktivit\u00e4ten<br \/>unter ihrem Konto.<\/p><p class=\"MsoNormal\">1.3. Datenschutz<\/p><p class=\"MsoNormal\">1.3.1. Unsere Datenschutzrichtlinie regelt die Erhebung und Verwendung von<br \/>Pers\u00f6nliche Daten unserer Kunden. Durch die Nutzung unserer Dienste erkl\u00e4rt sich der Kunde mit unseren Datenschutzbestimmungen einverstanden.<br \/>Datenschutzrichtlinie.<\/p><p class=\"MsoNormal\">1.4. K\u00fcndigung und Aussetzung<\/p><p class=\"MsoNormal\">1.4.1. DecESims beh\u00e4lt sich das Recht vor, die Mitgliedschaft zu sperren oder zu beenden.<br \/>Der Zugang zu den Diensten kann jederzeit ohne Vorank\u00fcndigung aufgrund des Auftretens eines<br \/>Ereignis, das durch einen Zusammenbruch des Netzwerks oder die Einstellung der Wartungsarbeiten entsteht.<\/p><p class=\"MsoNormal\">1.4.2. Bei der Nutzung der von DecESims bereitgestellten Dienste,<br \/>Der Kunde darf keine missbr\u00e4uchlichen, illegalen oder betr\u00fcgerischen Handlungen vornehmen oder begehen.<br \/>Jegliche Handlungen, die das Netzwerk beeintr\u00e4chtigen oder besch\u00e4digen k\u00f6nnten. Wenn der Kunde gegen die Nutzungsbedingungen verst\u00f6\u00dft.<br \/>Bei Nichterf\u00fcllung dieser Verpflichtung kann DecESims die Nutzung des Dienstes durch den Kunden aussetzen.<\/p><p class=\"MsoNormal\">1.4.3. Alle von DecESims angebotenen Pakete sind vorgesehen<br \/>Ausschlie\u00dflich zur Verwendung durch menschliche Kunden. Diese Pakete d\u00fcrfen nicht innerhalb von<br \/>jedes automatisierte System. In Situationen, in denen die Nutzung innerhalb automatisierter Systeme oder durch<br \/>Wenn nicht-menschliche Entit\u00e4ten angefordert werden, muss der Kunde den Kundendienst kontaktieren und<br \/>Fordern Sie spezielle Pakete an. Jeder Versto\u00df gegen diese Nutzungsbeschr\u00e4nkung kann zu Folgendem f\u00fchren:<br \/>die Beendigung des Vertrags.<\/p><p class=\"MsoNormal\">1.5. R\u00fcckerstattungs- und Stornierungsrichtlinien<\/p><p class=\"MsoNormal\">1.5.1. R\u00fcckerstattungen k\u00f6nnen vor der Aktivierung beantragt werden.<br \/>eSIM-Profil. Sobald eine eSIM auf einem Ger\u00e4t aktiviert, verwendet oder installiert wurde,<br \/>Der Kauf gilt als endg\u00fcltig und nicht erstattungsf\u00e4hig, au\u00dfer wenn dies gesetzlich vorgeschrieben ist.<br \/>anwendbares Recht.<\/p><p class=\"MsoNormal\">1.5.2. R\u00fcckerstattungsantr\u00e4ge m\u00fcssen per E-Mail an [E-Mail-Adresse einf\u00fcgen] gesendet werden.<br \/>DecESims-Kundendienst. Die meisten Probleme lassen sich ohne weitere Unterst\u00fctzung l\u00f6sen.<br \/>Erstattung.<\/p><p class=\"MsoNormal\">1.5.3. Genehmigte R\u00fcckerstattungen (ausgenommen Kryptozahlungen) sind<br \/>vorbehaltlich einer Bearbeitungsgeb\u00fchr gem\u00e4\u00df \u00a7 10% zur Deckung der Geb\u00fchren des Zahlungssystems und<br \/>Verwaltungskosten. R\u00fcckerstattungen erfolgen nur \u00fcber die urspr\u00fcngliche Zahlungsmethode.<br \/>wurde f\u00fcr den Kauf verwendet.<\/p><p class=\"MsoNormal\">1.5.4. Nach der Bearbeitung einer R\u00fcckerstattung kann es 5\u201310 Tage dauern.<br \/>Werktage, bis die R\u00fcckerstattung auf dem Kontoauszug des Kunden erscheint. PayPal-R\u00fcckerstattungen<br \/>werden in der Regel innerhalb weniger Minuten verarbeitet.<\/p><p class=\"MsoNormal\">1.5.5. Nachf\u00fcllungen, Werbeangebote, verg\u00fcnstigte Tarife und<br \/>Teilweise genutzte Tarife sind nicht erstattungsf\u00e4hig.<\/p><p class=\"MsoNormal\">1.5.6. F\u00fcr den Fall, dass DecESims die Dienste aus folgenden Gr\u00fcnden einstellt:<br \/>Bei Betrug, Missbrauch, Versto\u00df gegen diese Bedingungen oder unsachgem\u00e4\u00dfer Nutzung des Dienstes erfolgt keine R\u00fcckerstattung.<br \/>wird bereitgestellt.<\/p><p class=\"MsoNormal\">1.5.7. Kryptozahlungen sind endg\u00fcltig und nicht erstattungsf\u00e4hig aufgrund von<br \/>die Unumkehrbarkeit von Blockchain-Transaktionen.<\/p><p class=\"MsoNormal\">1.5.8. Unterst\u00fctzte Netzwerke f\u00fcr Kryptozahlungen: Ethereum,<br \/>Tron, BNB Smart Chain, Avalanche C-Chain, Solana, Polygon, Arbitrum One.<\/p><p class=\"MsoNormal\">1.5.9. Unterst\u00fctzte Kryptow\u00e4hrungen: USDT (TRC20), BTC, DAI,<br \/>AXS (ERC20), DASH, DOGE, ETH, LTC, TUSD (ERC20), USDC (ERC20), USDT (ERC20),<br \/>XRP, TRX, AXS (TRC20), HT (TRC20), ETH (TRC20), ETH (BEP20), DAI (BEP20), USDT<br \/>(BEP20), DESU (BEP20), ADA (BEP20), USDC (BEP20), BTCB (BEP20), CSC. Mindestbetrag<br \/>Pro Kryptow\u00e4hrung k\u00f6nnen Zahlungslimits gelten.<\/p><p class=\"MsoNormal\"><b>PARTNERPROGRAMM<\/b><\/p><p class=\"MsoNormal\">2.1. Durch die Teilnahme am DecESims-Partnerprogramm,<br \/>Affiliate-Partner werden DecESims-Produkte \u00fcber ihre einzigartigen Kan\u00e4le empfehlen.<br \/>Affiliate-Link.<\/p><p class=\"MsoNormal\">2.2. Zur Nachverfolgung der Verk\u00e4ufe muss der eindeutige Affiliate-Link verwendet werden.<br \/>und die Provisionen entsprechend zuzuordnen.<\/p><p class=\"MsoNormal\">2.3. Der Affiliate-Partner erh\u00e4lt eine Provision von<br \/>Nettoeinnahmen, die durch K\u00e4ufe \u00fcber ihren Affiliate-Link generiert werden.<br \/>Partner m\u00fcssen mindestens 25 USD an Provisionen ansammeln, bevor eine Auszahlung erfolgt.<br \/>Wenn der Provisionssaldo unter 25 USD liegt, wird der Betrag \u00fcbertragen auf<br \/>im folgenden Monat.<\/p><p class=\"MsoNormal\">2.4. Die Provisionen werden in der ersten Woche jedes Monats ausgezahlt.<br \/>monatlich per Bank\u00fcberweisung, Krypto-Wallet, Kreditkartenverkn\u00fcpfung oder PayPal.<\/p><p class=\"MsoNormal\">2.5. Nutzer, die eSIM-Produkte erwerben oder ihr eSIM-Guthaben aufladen<br \/>Produkte erhalten beim Bezahlvorgang einen Rabatt.<\/p><p class=\"MsoNormal\">2.6. DecESims beh\u00e4lt sich das Recht vor, die Bedingungen zu \u00e4ndern und<br \/>Die Bedingungen des Partnerprogramms k\u00f6nnen jederzeit ge\u00e4ndert werden. Jegliche \u00c4nderungen dieser Art werden gesondert behandelt.<br \/>dem Affiliate-Partner mindestens f\u00fcnf Tage im Voraus schriftlich mitgeteilt<br \/>Durchf\u00fchrung.<\/p><p class=\"MsoNormal\">2.7. DecESims beh\u00e4lt sich das Recht vor, die Affiliate-Partnerschaft zu beenden.<br \/>Teilnahme des Partners am Partnerprogramm, falls der Partner<br \/>verst\u00f6\u00dft gegen eine Bestimmung dieser Vereinbarung oder beteiligt sich an einer Aktivit\u00e4t, die dem Unternehmen schadet<br \/>Marke oder Unternehmen DecESims.<\/p><p class=\"MsoNormal\">2.8. Um die Teilnahme am DecESims-Affiliate-Programm zu beginnen<br \/>Im Rahmen des Programms muss der Affiliate-Partner die Einladung zur Teilnahme \u00fcber das<br \/>Affiliate-Portal.<\/p><p class=\"MsoNormal\">2.9. Der Affiliate-Partner erh\u00e4lt eine E-Mail<br \/>Benachrichtigung von DecESims nach dem ersten Produktkauf \u00fcber deren<br \/>Affiliate-Link.<\/p><p class=\"MsoNormal\">2.10. Der Affiliate-Partner kann Provisionen jederzeit nachverfolgen.<br \/>Zeit mithilfe der von DecESims bereitgestellten Online-Tagesberichte.<\/p><p class=\"MsoNormal\">2.11. DecESims bietet Zugriff auf eine API f\u00fcr Affiliate-Partner.<br \/>Partnernutzung.<\/p><p class=\"MsoNormal\">2.12. Der Affiliate-Partner verpflichtet sich, die bereitgestellten Tools zu verwenden und<br \/>Ressourcen in \u00dcbereinstimmung mit den Richtlinien und Bestimmungen von DecESims. Missbrauch oder<br \/>Unerlaubte Nutzung kann zur K\u00fcndigung des Partnervertrags f\u00fchren.<\/p><p class=\"MsoNormal\">2.13. DecESims wird den notwendigen technischen Support bereitstellen f\u00fcr<br \/>Dem Affiliate-Partner bei der Nutzung der Affiliate-Tools, Berichte und der API helfen.<\/p><p class=\"MsoNormal\"><b>Empfehlungsprogramm<\/b><\/p><p class=\"MsoNormal\">3.1. Durch die Teilnahme am DecESims-Empfehlungsprogramm,<br \/>Der Partner (der \u201eAdvocate\u201c) kann f\u00fcr jede Person, die ihr Produkt kauft, kostenloses Datenvolumen erhalten.<br \/>erstes DecESims-Produkt, das \u00fcber den einzigartigen Empfehlungslink des Advocates vertrieben wird.<\/p><p class=\"MsoNormal\">3.2. Der\/Die F\u00fcrsprecher\/in muss seine\/ihre einzigartigen Inhalte erstellen und teilen.<br \/>Empfehlungslink. Der empfohlene Freund muss den Empfehlungslink verwenden, um<br \/>Erwerben Sie eine eSIM.<\/p><p class=\"MsoNormal\">3.3. Belohnungen f\u00fcr F\u00fcrsprecher:<\/p><p class=\"MsoNormal\">a. Gratis-Daten-Coupon: Der Advocate erh\u00e4lt einen Coupon f\u00fcr<br \/>3 GB kostenloses Datenvolumen, g\u00fcltig f\u00fcr ihre eSIM-Leitung.<\/p><p class=\"MsoNormal\">b. Bedingungen: Die 3 GB Datenpr\u00e4mie werden gew\u00e4hrt, wenn ein<br \/>Ein geworbener Freund nutzt den Empfehlungslink, um eine eSIM zu kaufen.<\/p><p class=\"MsoNormal\">c. G\u00fcltigkeit des Coupons: Der Datencoupon bleibt g\u00fcltig, sofern<br \/>Die eSIM wird mindestens einmal im Jahr aufgeladen.<\/p><p class=\"MsoNormal\">3.4. Pr\u00e4mien f\u00fcr geworbene Freunde:<\/p><p class=\"MsoNormal\">a. Datengutschein: Der geworbene Freund erh\u00e4lt einen Gutschein.<br \/>f\u00fcr 3 GB kostenloses Datenvolumen f\u00fcr ihre eSIM.<\/p><p class=\"MsoNormal\">b. Einschr\u00e4nkungen f\u00fcr Gutscheine: Der Empfehlungsgutschein darf nicht<br \/>Kombinierbar mit anderen Gutscheinen oder Rabatten. Nur ein Gutschein kann eingel\u00f6st werden.<br \/>pro Einkauf.<\/p><p class=\"MsoNormal\">3.5. Bedingungen f\u00fcr die Empfehlungspr\u00e4mie:<\/p><p class=\"MsoNormal\">a. Mindestbestellwert: Der geworbene Freund muss ein neues Produkt kaufen<br \/>Stelle eine Verbindung mit mindestens 1 GB Datenvolumen her, indem du den Empfehlungslink verwendest.<\/p><p class=\"MsoNormal\">b. Pr\u00e4mienausgabe: Die Pr\u00e4mie wird innerhalb von 6 Tagen erstellt.<br \/>Stunden nach erfolgreichem Kauf und Versand per E-Mail innerhalb von 7 Tagen.<\/p><p class=\"MsoNormal\">3.6. Bei Fragen oder Hilfebedarf wenden Sie sich bitte an den Anwalt und die zust\u00e4ndige Stelle.<br \/>Der Freund kann sich an den DecESims-Support wenden.<\/p><p class=\"MsoNormal\">3.7. Missbrauch oder Versto\u00df gegen die Nutzungsbedingungen f\u00fcr Empfehlungen kann folgende Folgen haben:<br \/>Disqualifizierung und Verlust der Pr\u00e4mien.<\/p><p class=\"MsoNormal\">3.8. DecESims beh\u00e4lt sich das Recht vor, die Empfehlungsrichtlinien zu \u00e4ndern.<br \/>Die Programmbedingungen m\u00fcssen mindestens f\u00fcnf Tage im Voraus schriftlich angek\u00fcndigt werden.<\/p><p class=\"MsoNormal\"><b>HAFTUNGSAUSSCHLUSS<\/b><\/p><p class=\"MsoNormal\">4.1. Die Materialien auf der DecESims-Website werden \u201eals<br \/>DecESims \u00fcbernimmt keinerlei ausdr\u00fcckliche oder stillschweigende Gew\u00e4hrleistungen und lehnt jegliche Haftung ab.<br \/>sonstige Gew\u00e4hrleistungen, einschlie\u00dflich stillschweigender Gew\u00e4hrleistungen der Handels\u00fcblichkeit und Eignung f\u00fcr den vorgesehenen Zweck<br \/>ein bestimmter Zweck oder die Nichtverletzung.<\/p><p class=\"MsoNormal\">4.2. Die Netzbetreiber in den L\u00e4ndern k\u00f6nnen sich \u00e4ndern durch<br \/>DecESims ohne Vorank\u00fcndigung.<\/p><p class=\"MsoNormal\"><b>EINSCHR\u00c4NKUNGEN<\/b><\/p><p class=\"MsoNormal\">5.1. DecESims haftet in keinem Fall f\u00fcr Sch\u00e4den.<br \/>sich aus der Nutzung oder der Unm\u00f6glichkeit der Nutzung von Materialien auf der DecESims-Website ergeben.<\/p><p class=\"MsoNormal\"><b>\u00c4NDERUNGEN UND ERRATA<\/b><\/p><p class=\"MsoNormal\">6.1. Die Materialien auf der DecESims-Website k\u00f6nnen Fehler enthalten.<br \/>DecESims beh\u00e4lt sich das Recht vor, jederzeit und ohne Vorank\u00fcndigung \u00c4nderungen vorzunehmen.<\/p><p class=\"MsoNormal\"><b>LINKS<\/b><\/p><p class=\"MsoNormal\">7.1. DecESims ist nicht verantwortlich f\u00fcr die Inhalte verlinkter Seiten.<br \/>Die Nutzung verlinkter Webseiten erfolgt auf eigene Gefahr.<\/p><p class=\"MsoNormal\"><b>ANWENDBARES RECHT UND GERICHTSSTAND<\/b><\/p><p class=\"MsoNormal\">8.1. Diese Bedingungen unterliegen dem Recht des Vereinigten K\u00f6nigreichs und sind in diesem auszulegen.<br \/>in \u00dcbereinstimmung mit den Gesetzen des US-Bundesstaates Delaware. Jegliche Streitigkeiten,<br \/>Streitigkeiten oder Anspr\u00fcche, die sich aus diesen Bedingungen oder den Dienstleistungen ergeben oder damit in Zusammenhang stehen.<br \/>wird endg\u00fcltig durch ein verbindliches Schiedsgericht im Staat entschieden<br \/>Delaware, USA, gem\u00e4\u00df den Regeln der American Arbitration Association (AAA).<br \/>Das Schiedsverfahren wird in englischer Sprache durchgef\u00fchrt, und die Entscheidung des Schiedsrichters ist rechtsverbindlich.<br \/>ist f\u00fcr die Parteien endg\u00fcltig und verbindlich.<\/p><p class=\"MsoNormal\"><b>\u00c4NDERUNGEN DER NUTZUNGSBEDINGUNGEN DER WEBSITE<\/b><\/p><p class=\"MsoNormal\">9.1. DecESims kann diese Allgemeinen Gesch\u00e4ftsbedingungen jederzeit \u00e4ndern.<br \/>Zeit. Durch die Nutzung dieser Website erkl\u00e4ren Sie sich mit der jeweils aktuellen Version einverstanden.<\/p><p class=\"MsoNormal\">Letzte Aktualisierung: 30.01.2026<\/p>\t\t\t\t\t\t\t\t<\/div>\n\t\t\t\t<\/div>\n\t\t\t\t\t<\/div>\n\t\t\t\t<\/div>\n\t\t\t\t<\/div>","protected":false},"excerpt":{"rendered":"<p>Terms and Conditions Terms and Conditions Last updated: 3 February 2026 1. Validity of General Terms and Conditions These Terms and Conditions govern the use of the DecESims website available at www.decesims.com and the related services provided by DecESims. 1.1 Terms 1.1.1. The DecESims website is operated by DecESims, with connectivity services being supplied by [&hellip;]<\/p>","protected":false},"author":1,"featured_media":0,"parent":0,"menu_order":0,"comment_status":"closed","ping_status":"closed","template":"","meta":{"om_disable_all_campaigns":false,"_monsterinsights_skip_tracking":false,"_monsterinsights_sitenote_active":false,"_monsterinsights_sitenote_note":"","_monsterinsights_sitenote_category":0,"_uf_show_specific_survey":0,"_uf_disable_surveys":false,"footnotes":""},"class_list":["post-84","page","type-page","status-publish","hentry"],"aioseo_notices":[],"_links":{"self":[{"href":"https:\/\/decesims.com\/de\/wp-json\/wp\/v2\/pages\/84","targetHints":{"allow":["GET"]}}],"collection":[{"href":"https:\/\/decesims.com\/de\/wp-json\/wp\/v2\/pages"}],"about":[{"href":"https:\/\/decesims.com\/de\/wp-json\/wp\/v2\/types\/page"}],"author":[{"embeddable":true,"href":"https:\/\/decesims.com\/de\/wp-json\/wp\/v2\/users\/1"}],"replies":[{"embeddable":true,"href":"https:\/\/decesims.com\/de\/wp-json\/wp\/v2\/comments?post=84"}],"version-history":[{"count":32,"href":"https:\/\/decesims.com\/de\/wp-json\/wp\/v2\/pages\/84\/revisions"}],"predecessor-version":[{"id":1099,"href":"https:\/\/decesims.com\/de\/wp-json\/wp\/v2\/pages\/84\/revisions\/1099"}],"wp:attachment":[{"href":"https:\/\/decesims.com\/de\/wp-json\/wp\/v2\/media?parent=84"}],"curies":[{"name":"wp","href":"https:\/\/api.w.org\/{rel}","templated":true}]}}