{"id":87,"date":"2025-03-18T12:29:45","date_gmt":"2025-03-18T12:29:45","guid":{"rendered":"https:\/\/elementor.test-wp.keepgo.com\/index.php\/privacy-policy-2\/"},"modified":"2026-03-02T23:46:40","modified_gmt":"2026-03-02T23:46:40","slug":"privacy-policy-2","status":"publish","type":"page","link":"https:\/\/decesims.com\/de\/privacy-policy-2\/","title":{"rendered":"Datenschutzrichtlinie"},"content":{"rendered":"<div data-elementor-type=\"wp-page\" data-elementor-id=\"87\" class=\"elementor elementor-87\" data-elementor-post-type=\"page\">\n\t\t\t\t<div class=\"elementor-element elementor-element-77a0037f e-flex e-con-boxed e-con e-parent\" data-id=\"77a0037f\" data-element_type=\"container\">\n\t\t\t\t\t<div class=\"e-con-inner\">\n\t\t\t\t<div class=\"elementor-element elementor-element-2991adfe elementor-widget elementor-widget-heading\" data-id=\"2991adfe\" data-element_type=\"widget\" data-widget_type=\"heading.default\">\n\t\t\t\t<div class=\"elementor-widget-container\">\n\t\t\t\t\t<h2 class=\"elementor-heading-title elementor-size-default\">Datenschutzrichtlinie\n<\/h2>\t\t\t\t<\/div>\n\t\t\t\t<\/div>\n\t\t\t\t<div class=\"elementor-element elementor-element-59249d87 elementor-widget elementor-widget-text-editor\" data-id=\"59249d87\" data-element_type=\"widget\" data-widget_type=\"text-editor.default\">\n\t\t\t\t<div class=\"elementor-widget-container\">\n\t\t\t\t\t\t\t\t\t<p><span style=\"font-weight: 400;\">Diese Datenschutzerkl\u00e4rung beschreibt, wie wir die von Ihnen bei der Nutzung unserer Website angegebenen personenbezogenen Daten erfassen, verwenden und sch\u00fctzen.<\/span><\/p><ol><li><b> Informationen, die wir sammeln <\/b><span style=\"font-weight: 400;\">Wir k\u00f6nnen folgende Arten von personenbezogenen Daten von Ihnen erheben:<\/span><\/li><\/ol><ul><li style=\"font-weight: 400;\" aria-level=\"1\"><i><span style=\"font-weight: 400;\">Pers\u00f6nliche Identifikationsdaten:<\/span><\/i><span style=\"font-weight: 400;\"> Dies kann Ihren Namen und Ihre E-Mail-Adresse umfassen, wenn Sie ein Konto erstellen oder unseren Newsletter abonnieren.<\/span><\/li><li style=\"font-weight: 400;\" aria-level=\"1\"><i><span style=\"font-weight: 400;\">Informationen zum Zahlungsinstrument:<\/span><\/i><span style=\"font-weight: 400;\"> Alle Zahlungstransaktionen werden \u00fcber einen Zahlungsdienstleister abgewickelt und nicht auf unserem Server gespeichert oder verarbeitet.<\/span><span style=\"font-weight: 400;\"><br \/><\/span><span style=\"font-weight: 400;\">Server.<\/span><\/li><li style=\"font-weight: 400;\" aria-level=\"1\"><i><span style=\"font-weight: 400;\">Vertrauliche Informationen:<\/span><\/i><span style=\"font-weight: 400;\"> Wir verarbeiten keine sensiblen Daten.<\/span><\/li><\/ul><ol start=\"2\"><li><b> Wann erfassen wir Ihre Daten? <\/b><span style=\"font-weight: 400;\">Wir erfassen Informationen von Ihnen, wenn Sie sich auf unserer Website registrieren, eine Bestellung aufgeben, einen Newsletter abonnieren, ein Formular ausf\u00fcllen oder Informationen auf unserer Website eingeben.<\/span><\/li><li><b> Wie verwenden wir Ihre Daten? <\/b><span style=\"font-weight: 400;\">Wir k\u00f6nnen Ihre personenbezogenen Daten f\u00fcr folgende Zwecke verwenden:<\/span><\/li><\/ol><ul><li style=\"font-weight: 400;\" aria-level=\"1\"><span style=\"font-weight: 400;\">Um unsere Dienstleistungen bereitzustellen und aufrechtzuerhalten.<\/span><\/li><li style=\"font-weight: 400;\" aria-level=\"1\"><span style=\"font-weight: 400;\">Zur Abwicklung Ihrer Bestellungen und Zahlungen.<\/span><\/li><li style=\"font-weight: 400;\" aria-level=\"1\"><span style=\"font-weight: 400;\">Um Ihnen Aktualisierungen, Newsletter und Marketingmitteilungen zuzusenden.<\/span><\/li><\/ul><ol start=\"4\"><li><b> Offenlegung Ihrer Informationen <\/b><span style=\"font-weight: 400;\">Wir behalten uns das Recht vor, Ihre personenbezogenen Daten unter folgenden Umst\u00e4nden an Dritte weiterzugeben:<\/span><\/li><\/ol><ul><li style=\"font-weight: 400;\" aria-level=\"1\"><span style=\"font-weight: 400;\">Mit Dienstleistern, die uns bei Website-Betrieb, Zahlungsabwicklung oder Marketing unterst\u00fctzen.<\/span><\/li><li style=\"font-weight: 400;\" aria-level=\"1\"><span style=\"font-weight: 400;\">In \u00dcbereinstimmung mit geltenden rechtlichen Verpflichtungen oder zum Schutz unserer Rechte, unserer Privatsph\u00e4re, unserer Sicherheit oder unseres Verm\u00f6gens.<\/span><\/li><\/ul><ol start=\"5\"><li><b> Einhaltung der europ\u00e4ischen Datenschutzgrundverordnung (DSGVO)<\/b><\/li><\/ol><ul><li style=\"font-weight: 400;\" aria-level=\"1\"><span style=\"font-weight: 400;\">Auskunftsrecht. Sie haben das Recht, von DecEsim Kopien Ihrer personenbezogenen Daten anzufordern.<\/span><\/li><li style=\"font-weight: 400;\" aria-level=\"1\"><span style=\"font-weight: 400;\">Das Recht auf L\u00f6schung. Sie haben unter bestimmten Bedingungen das Recht, von DecEsim die L\u00f6schung Ihrer personenbezogenen Daten zu verlangen.<\/span><\/li><li style=\"font-weight: 400;\" aria-level=\"1\"><span style=\"font-weight: 400;\">Recht auf Einschr\u00e4nkung der Verarbeitung. Sie haben unter bestimmten Bedingungen das Recht, von DecEsim die Einschr\u00e4nkung der Verarbeitung Ihrer personenbezogenen Daten zu verlangen.<\/span><\/li><li style=\"font-weight: 400;\" aria-level=\"1\"><span style=\"font-weight: 400;\">Widerspruchsrecht gegen die Verarbeitung. Sie haben unter bestimmten Bedingungen das Recht, der Verarbeitung Ihrer personenbezogenen Daten durch DecEsim zu widersprechen.<\/span><\/li><li style=\"font-weight: 400;\" aria-level=\"1\"><span style=\"font-weight: 400;\">Wenn Sie eines dieser Rechte aus\u00fcben m\u00f6chten, kontaktieren Sie uns bitte per E-Mail.<\/span><\/li><\/ul><ol start=\"6\"><li><b> Einhaltung des kalifornischen Gesetzes zum Online-Datenschutz<\/b><\/li><\/ol><p><span style=\"font-weight: 400;\">CalOPPA ist das erste Landesgesetz in den USA, das kommerzielle Websites und Online-Dienste zur Ver\u00f6ffentlichung einer Datenschutzerkl\u00e4rung verpflichtet. Die Reichweite des Gesetzes geht weit \u00fcber Kalifornien hinaus und verpflichtet jede Person oder jedes Unternehmen in den Vereinigten Staaten (und m\u00f6glicherweise weltweit), die\/das Websites betreibt, die personenbezogene Daten von kalifornischen Verbrauchern erfassen, eine gut sichtbare Datenschutzerkl\u00e4rung auf ihrer\/seiner Website zu ver\u00f6ffentlichen. Diese muss genau angeben, welche Informationen erfasst werden und an wen diese weitergegeben werden. Zudem m\u00fcssen die Bestimmungen dieser Datenschutzerkl\u00e4rung eingehalten werden. \u2013 Mehr dazu unter:<\/span><span style=\"font-weight: 400;\"><br \/><\/span><a href=\"http:\/\/consumercal.org\/california-online-privacy-protection-act-caloppa\/#sthash.0FdRbT51.dpuf\"><span style=\"font-weight: 400;\">http:\/\/consumercal.org\/california-online-privacy-protection-act-caloppa\/#sthash.0FdRbT51.dpuf<\/span><span style=\"font-weight: 400;\"><br \/><\/span><\/a><i><span style=\"font-weight: 400;\">Gem\u00e4\u00df CalOPPA stimmen wir Folgendem zu:<\/span><\/i><\/p><ul><li style=\"font-weight: 400;\" aria-level=\"1\"><span style=\"font-weight: 400;\">Nutzer k\u00f6nnen unsere Website anonym besuchen.<\/span><\/li><li style=\"font-weight: 400;\" aria-level=\"1\"><span style=\"font-weight: 400;\">Nutzer werden \u00fcber alle \u00c4nderungen unserer Datenschutzrichtlinie auf unserer Datenschutzseite informiert.<\/span><\/li><li style=\"font-weight: 400;\" aria-level=\"1\"><span style=\"font-weight: 400;\">Nutzer k\u00f6nnen ihre pers\u00f6nlichen Daten \u00e4ndern:<\/span><ul><li style=\"font-weight: 400;\" aria-level=\"2\"><span style=\"font-weight: 400;\">per E-Mail an uns;<\/span><\/li><li style=\"font-weight: 400;\" aria-level=\"2\"><span style=\"font-weight: 400;\">durch einen Chat mit unseren Kundendienstmitarbeitern.<\/span><\/li><\/ul><\/li><\/ul><ol start=\"7\"><li><b> Ihre Wahlm\u00f6glichkeiten<\/b><\/li><\/ol><p><span style=\"font-weight: 400;\">Sie k\u00f6nnen den Erhalt von Marketingmitteilungen von uns abbestellen, indem Sie den Abmeldehinweisen in unseren E-Mails folgen. Ihre pers\u00f6nlichen Daten k\u00f6nnen Sie einsehen und aktualisieren, indem Sie sich in Ihr Konto einloggen.<\/span><\/p><ol start=\"8\"><li><b> Datensicherheit<\/b><\/li><\/ol><p><span style=\"font-weight: 400;\">DecEsim trifft angemessene Ma\u00dfnahmen, um Ihre personenbezogenen Daten vor unbefugtem Zugriff, Offenlegung oder Ver\u00e4nderung zu sch\u00fctzen. Trotz unserer Sicherheitsvorkehrungen und Bem\u00fchungen um den Schutz Ihrer Daten kann jedoch keine absolute Sicherheit bei der elektronischen \u00dcbertragung \u00fcber das Internet oder bei Datenspeichertechnologien gew\u00e4hrleistet werden. Daher k\u00f6nnen wir nicht versprechen oder garantieren, dass Hacker, Cyberkriminelle oder andere unbefugte Dritte unsere Sicherheitsvorkehrungen nicht umgehen und Ihre Daten unrechtm\u00e4\u00dfig erfassen, darauf zugreifen, sie stehlen oder ver\u00e4ndern k\u00f6nnen. Obwohl wir uns bem\u00fchen, Ihre personenbezogenen Daten zu sch\u00fctzen, erfolgt die \u00dcbertragung oder der Empfang personenbezogener Daten von und zu unseren Diensten auf Ihr eigenes Risiko.<\/span><\/p><ol start=\"9\"><li><b> Cookies und Tracking-Technologien<\/b><\/li><\/ol><p><span style=\"font-weight: 400;\">Wir verwenden Cookies und \u00e4hnliche Tracking-Technologien, um Daten \u00fcber Ihre Nutzung unserer Website zu erfassen. Sie k\u00f6nnen Ihre Browsereinstellungen so anpassen, dass Cookies abgelehnt werden.<\/span><\/p><ol start=\"10\"><li><b> Datenschutz f\u00fcr Kinder<\/b><\/li><\/ol><p><span style=\"font-weight: 400;\">Unsere Website richtet sich nicht an Personen unter 18 Jahren. Wir erfassen wissentlich keine personenbezogenen Daten von Kindern unter 18 Jahren. Mit der Nutzung unserer Dienste best\u00e4tigen Sie, dass Sie mindestens 18 Jahre alt sind oder dass Sie ein Elternteil oder Erziehungsberechtigter eines solchen Kindes oder Minderj\u00e4hrigen sind.<\/span><span style=\"font-weight: 400;\"><br \/><br \/><\/span><\/p><ol start=\"11\"><li><b> \u00c4nderungen dieser Datenschutzrichtlinie<\/b><\/li><\/ol><p><span style=\"font-weight: 400;\">Wir k\u00f6nnen diese Datenschutzrichtlinie von Zeit zu Zeit aktualisieren. Alle \u00c4nderungen werden auf dieser Seite ver\u00f6ffentlicht. Bei wesentlichen \u00c4nderungen dieser Datenschutzrichtlinie informieren wir Sie entweder durch einen deutlich sichtbaren Hinweis auf dieser Seite oder direkt per E-Mail. Wir empfehlen Ihnen, diese Datenschutzrichtlinie regelm\u00e4\u00dfig zu lesen, um sich dar\u00fcber zu informieren, wie wir Ihre Daten sch\u00fctzen.<\/span><\/p><ol start=\"12\"><li><b> Kontaktieren Sie uns<\/b><\/li><\/ol><p><span style=\"font-weight: 400;\">Sollten Sie Fragen zu dieser Datenschutzerkl\u00e4rung haben, kontaktieren Sie uns bitte per E-Mail.<\/span><\/p><p><span style=\"font-weight: 400;\">Letzte \u00c4nderung: 16.01.2026<\/span><\/p>\t\t\t\t\t\t\t\t<\/div>\n\t\t\t\t<\/div>\n\t\t\t\t\t<\/div>\n\t\t\t\t<\/div>\n\t\t\t\t<\/div>","protected":false},"excerpt":{"rendered":"<p>Privacy Policy Privacy Policy This Privacy Policy outlines how we collect, use, and protect the personal information provided by you when using our website. Information We Collect We may collect the following types of personal information from you: Personal Identification Information: This may include your name and email address when you create an account or [&hellip;]<\/p>","protected":false},"author":1,"featured_media":0,"parent":0,"menu_order":0,"comment_status":"closed","ping_status":"closed","template":"","meta":{"om_disable_all_campaigns":false,"_monsterinsights_skip_tracking":false,"_monsterinsights_sitenote_active":false,"_monsterinsights_sitenote_note":"","_monsterinsights_sitenote_category":0,"_uf_show_specific_survey":0,"_uf_disable_surveys":false,"footnotes":""},"class_list":["post-87","page","type-page","status-publish","hentry"],"aioseo_notices":[],"_links":{"self":[{"href":"https:\/\/decesims.com\/de\/wp-json\/wp\/v2\/pages\/87","targetHints":{"allow":["GET"]}}],"collection":[{"href":"https:\/\/decesims.com\/de\/wp-json\/wp\/v2\/pages"}],"about":[{"href":"https:\/\/decesims.com\/de\/wp-json\/wp\/v2\/types\/page"}],"author":[{"embeddable":true,"href":"https:\/\/decesims.com\/de\/wp-json\/wp\/v2\/users\/1"}],"replies":[{"embeddable":true,"href":"https:\/\/decesims.com\/de\/wp-json\/wp\/v2\/comments?post=87"}],"version-history":[{"count":23,"href":"https:\/\/decesims.com\/de\/wp-json\/wp\/v2\/pages\/87\/revisions"}],"predecessor-version":[{"id":1100,"href":"https:\/\/decesims.com\/de\/wp-json\/wp\/v2\/pages\/87\/revisions\/1100"}],"wp:attachment":[{"href":"https:\/\/decesims.com\/de\/wp-json\/wp\/v2\/media?parent=87"}],"curies":[{"name":"wp","href":"https:\/\/api.w.org\/{rel}","templated":true}]}}