{"id":87,"date":"2025-03-18T12:29:45","date_gmt":"2025-03-18T12:29:45","guid":{"rendered":"https:\/\/elementor.test-wp.keepgo.com\/index.php\/privacy-policy-2\/"},"modified":"2026-03-02T23:46:40","modified_gmt":"2026-03-02T23:46:40","slug":"privacy-policy-2","status":"publish","type":"page","link":"https:\/\/decesims.com\/fr\/privacy-policy-2\/","title":{"rendered":"politique de confidentialit\u00e9"},"content":{"rendered":"<div data-elementor-type=\"wp-page\" data-elementor-id=\"87\" class=\"elementor elementor-87\" data-elementor-post-type=\"page\">\n\t\t\t\t<div class=\"elementor-element elementor-element-77a0037f e-flex e-con-boxed e-con e-parent\" data-id=\"77a0037f\" data-element_type=\"container\">\n\t\t\t\t\t<div class=\"e-con-inner\">\n\t\t\t\t<div class=\"elementor-element elementor-element-2991adfe elementor-widget elementor-widget-heading\" data-id=\"2991adfe\" data-element_type=\"widget\" data-widget_type=\"heading.default\">\n\t\t\t\t<div class=\"elementor-widget-container\">\n\t\t\t\t\t<h2 class=\"elementor-heading-title elementor-size-default\">politique de confidentialit\u00e9\n<\/h2>\t\t\t\t<\/div>\n\t\t\t\t<\/div>\n\t\t\t\t<div class=\"elementor-element elementor-element-59249d87 elementor-widget elementor-widget-text-editor\" data-id=\"59249d87\" data-element_type=\"widget\" data-widget_type=\"text-editor.default\">\n\t\t\t\t<div class=\"elementor-widget-container\">\n\t\t\t\t\t\t\t\t\t<p><span style=\"font-weight: 400;\">La pr\u00e9sente politique de confidentialit\u00e9 d\u00e9crit comment nous recueillons, utilisons et prot\u00e9geons les renseignements personnels que vous nous fournissez lorsque vous utilisez notre site Web.<\/span><\/p><ol><li><b> Informations que nous recueillons <\/b><span style=\"font-weight: 400;\">Nous pouvons recueillir les types de renseignements personnels suivants vous concernant\u00a0:<\/span><\/li><\/ol><ul><li style=\"font-weight: 400;\" aria-level=\"1\"><i><span style=\"font-weight: 400;\">Informations d&#039;identification personnelle\u00a0:<\/span><\/i><span style=\"font-weight: 400;\"> Cela peut inclure votre nom et votre adresse \u00e9lectronique lorsque vous cr\u00e9ez un compte ou vous abonnez \u00e0 notre newsletter.<\/span><\/li><li style=\"font-weight: 400;\" aria-level=\"1\"><i><span style=\"font-weight: 400;\">Informations sur les instruments de paiement\u00a0:<\/span><\/i><span style=\"font-weight: 400;\"> Toutes les transactions de paiement sont trait\u00e9es par un prestataire de services de paiement et ne sont ni stock\u00e9es ni trait\u00e9es sur nos serveurs.<\/span><span style=\"font-weight: 400;\"><br \/><\/span><span style=\"font-weight: 400;\">serveurs.<\/span><\/li><li style=\"font-weight: 400;\" aria-level=\"1\"><i><span style=\"font-weight: 400;\">Informations sensibles :<\/span><\/i><span style=\"font-weight: 400;\"> Nous ne traitons pas les informations sensibles.<\/span><\/li><\/ul><ol start=\"2\"><li><b> Quand recueillons-nous vos informations <\/b><span style=\"font-weight: 400;\">Nous recueillons des informations vous concernant lorsque vous vous inscrivez sur notre site, passez une commande, vous abonnez \u00e0 une newsletter, remplissez un formulaire ou saisissez des informations sur notre site.<\/span><\/li><li><b> Comment utilisons-nous vos informations <\/b><span style=\"font-weight: 400;\">Nous pouvons utiliser vos renseignements personnels aux fins suivantes\u00a0:<\/span><\/li><\/ol><ul><li style=\"font-weight: 400;\" aria-level=\"1\"><span style=\"font-weight: 400;\">Fournir et maintenir nos services.<\/span><\/li><li style=\"font-weight: 400;\" aria-level=\"1\"><span style=\"font-weight: 400;\">Pour traiter vos commandes et vos paiements.<\/span><\/li><li style=\"font-weight: 400;\" aria-level=\"1\"><span style=\"font-weight: 400;\">Pour vous envoyer des mises \u00e0 jour, des newsletters et des communications marketing.<\/span><\/li><\/ul><ol start=\"4\"><li><b> Divulgation de vos informations <\/b><span style=\"font-weight: 400;\">Nous nous r\u00e9servons le droit de divulguer vos renseignements personnels \u00e0 des tiers dans les circonstances suivantes\u00a0:<\/span><\/li><\/ol><ul><li style=\"font-weight: 400;\" aria-level=\"1\"><span style=\"font-weight: 400;\">Avec des prestataires de services qui nous aident pour l&#039;exploitation du site web, le traitement des paiements ou le marketing.<\/span><\/li><li style=\"font-weight: 400;\" aria-level=\"1\"><span style=\"font-weight: 400;\">En conformit\u00e9 avec les obligations l\u00e9gales applicables ou dans le but de prot\u00e9ger nos droits, notre vie priv\u00e9e, notre s\u00e9curit\u00e9 ou nos biens.<\/span><\/li><\/ul><ol start=\"5\"><li><b> Conformit\u00e9 au R\u00e8glement g\u00e9n\u00e9ral europ\u00e9en sur la protection des donn\u00e9es (RGPD)<\/b><\/li><\/ol><ul><li style=\"font-weight: 400;\" aria-level=\"1\"><span style=\"font-weight: 400;\">Droit d&#039;acc\u00e8s. Vous avez le droit de demander \u00e0 DecEsim une copie de vos donn\u00e9es personnelles.<\/span><\/li><li style=\"font-weight: 400;\" aria-level=\"1\"><span style=\"font-weight: 400;\">Droit \u00e0 l&#039;effacement. Vous avez le droit de demander \u00e0 DecEsim d&#039;effacer vos donn\u00e9es personnelles, sous certaines conditions.<\/span><\/li><li style=\"font-weight: 400;\" aria-level=\"1\"><span style=\"font-weight: 400;\">Droit \u00e0 la limitation du traitement. Vous avez le droit de demander \u00e0 DecEsim de limiter le traitement de vos donn\u00e9es personnelles, sous certaines conditions.<\/span><\/li><li style=\"font-weight: 400;\" aria-level=\"1\"><span style=\"font-weight: 400;\">Droit d&#039;opposition au traitement. Vous avez le droit de vous opposer, sous certaines conditions, au traitement de vos donn\u00e9es personnelles par DecEsim.<\/span><\/li><li style=\"font-weight: 400;\" aria-level=\"1\"><span style=\"font-weight: 400;\">Si vous souhaitez exercer l&#039;un de ces droits, veuillez nous contacter par courriel.<\/span><\/li><\/ul><ol start=\"6\"><li><b> Conformit\u00e9 \u00e0 la loi californienne sur la protection de la vie priv\u00e9e en ligne<\/b><\/li><\/ol><p><span style=\"font-weight: 400;\">La loi CalOPPA est la premi\u00e8re loi d&#039;\u00c9tat aux \u00c9tats-Unis \u00e0 exiger des sites web commerciaux et des services en ligne qu&#039;ils publient une politique de confidentialit\u00e9. Son champ d&#039;application s&#039;\u00e9tend bien au-del\u00e0 de la Californie et impose \u00e0 toute personne ou entreprise aux \u00c9tats-Unis (et potentiellement dans le monde entier) exploitant des sites web collectant des informations personnelles identifiables aupr\u00e8s de consommateurs californiens de publier une politique de confidentialit\u00e9 visible sur son site web. Cette politique doit indiquer pr\u00e9cis\u00e9ment les informations collect\u00e9es et les personnes avec lesquelles elles sont partag\u00e9es, et l&#039;entreprise doit s&#039;y conformer. \u2013 Voir plus sur\u00a0:<\/span><span style=\"font-weight: 400;\"><br \/><\/span><a href=\"http:\/\/consumercal.org\/california-online-privacy-protection-act-caloppa\/#sthash.0FdRbT51.dpuf\"><span style=\"font-weight: 400;\">http:\/\/consumercal.org\/california-online-privacy-protection-act-caloppa\/#sthash.0FdRbT51.dpuf<\/span><span style=\"font-weight: 400;\"><br \/><\/span><\/a><i><span style=\"font-weight: 400;\">Conform\u00e9ment \u00e0 la loi CalOPPA, nous acceptons ce qui suit\u00a0:<\/span><\/i><\/p><ul><li style=\"font-weight: 400;\" aria-level=\"1\"><span style=\"font-weight: 400;\">Les utilisateurs peuvent visiter notre site de mani\u00e8re anonyme.<\/span><\/li><li style=\"font-weight: 400;\" aria-level=\"1\"><span style=\"font-weight: 400;\">Les utilisateurs seront inform\u00e9s de toute modification de notre politique de confidentialit\u00e9 sur notre page d\u00e9di\u00e9e.<\/span><\/li><li style=\"font-weight: 400;\" aria-level=\"1\"><span style=\"font-weight: 400;\">Les utilisateurs peuvent modifier leurs informations personnelles\u00a0:<\/span><ul><li style=\"font-weight: 400;\" aria-level=\"2\"><span style=\"font-weight: 400;\">en nous envoyant un courriel\u00a0;<\/span><\/li><li style=\"font-weight: 400;\" aria-level=\"2\"><span style=\"font-weight: 400;\">en discutant avec nos repr\u00e9sentants du service client\u00e8le.<\/span><\/li><\/ul><\/li><\/ul><ol start=\"7\"><li><b> Vos choix<\/b><\/li><\/ol><p><span style=\"font-weight: 400;\">Vous pouvez vous d\u00e9sabonner de nos communications marketing en suivant les instructions de d\u00e9sabonnement figurant dans nos courriels. Vous pouvez acc\u00e9der \u00e0 vos informations personnelles et les mettre \u00e0 jour en vous connectant \u00e0 votre compte.<\/span><\/p><ol start=\"8\"><li><b> S\u00e9curit\u00e9 des donn\u00e9es<\/b><\/li><\/ol><p><span style=\"font-weight: 400;\">DecEsim prend des mesures raisonnables pour prot\u00e9ger vos informations personnelles contre tout acc\u00e8s, divulgation ou modification non autoris\u00e9s. Cependant, malgr\u00e9 nos efforts pour s\u00e9curiser vos informations, aucune transmission \u00e9lectronique sur Internet ni aucune technologie de stockage d&#039;informations ne peut garantir une s\u00e9curit\u00e9 absolue. Par cons\u00e9quent, nous ne pouvons ni promettre ni garantir qu&#039;aucun pirate informatique, cybercriminel ou autre tiers non autoris\u00e9 ne parviendra \u00e0 contourner notre s\u00e9curit\u00e9 et \u00e0 collecter, acc\u00e9der, voler ou modifier vos informations de mani\u00e8re illicite. Bien que nous nous efforcions de prot\u00e9ger vos informations personnelles, leur transfert vers et depuis nos Services se fait \u00e0 vos propres risques.<\/span><\/p><ol start=\"9\"><li><b> Cookies et technologies de suivi<\/b><\/li><\/ol><p><span style=\"font-weight: 400;\">Nous utilisons des cookies et des technologies de suivi similaires pour collecter des donn\u00e9es sur votre utilisation de notre site web. Vous pouvez modifier les param\u00e8tres de votre navigateur pour refuser les cookies.<\/span><\/p><ol start=\"10\"><li><b> Protection de la vie priv\u00e9e des enfants<\/b><\/li><\/ol><p><span style=\"font-weight: 400;\">Notre site web n&#039;est pas destin\u00e9 aux personnes de moins de 18 ans. Nous ne recueillons pas sciemment d&#039;informations personnelles aupr\u00e8s d&#039;enfants de moins de 18 ans. En utilisant nos services, vous d\u00e9clarez \u00eatre \u00e2g\u00e9 d&#039;au moins 18 ans, ou \u00eatre le parent ou le tuteur d&#039;un enfant ou d&#039;un mineur.<\/span><span style=\"font-weight: 400;\"><br \/><br \/><\/span><\/p><ol start=\"11\"><li><b> Modifications apport\u00e9es \u00e0 la pr\u00e9sente politique de confidentialit\u00e9<\/b><\/li><\/ol><p><span style=\"font-weight: 400;\">Nous pouvons \u00eatre amen\u00e9s \u00e0 modifier la pr\u00e9sente Politique de confidentialit\u00e9. Toute modification sera publi\u00e9e sur cette page. En cas de modifications importantes, nous vous en informerons soit par la publication d&#039;un avis bien visible, soit par l&#039;envoi d&#039;une notification directe. Nous vous invitons \u00e0 consulter r\u00e9guli\u00e8rement cette politique de confidentialit\u00e9 afin de rester inform\u00e9(e) sur la mani\u00e8re dont nous prot\u00e9geons vos donn\u00e9es.<\/span><\/p><ol start=\"12\"><li><b> Contactez-nous<\/b><\/li><\/ol><p><span style=\"font-weight: 400;\">Si vous avez des questions concernant cette politique de confidentialit\u00e9, veuillez nous contacter par courriel.<\/span><\/p><p><span style=\"font-weight: 400;\">Derni\u00e8re modification : 16\/01\/2026<\/span><\/p>\t\t\t\t\t\t\t\t<\/div>\n\t\t\t\t<\/div>\n\t\t\t\t\t<\/div>\n\t\t\t\t<\/div>\n\t\t\t\t<\/div>","protected":false},"excerpt":{"rendered":"<p>Privacy Policy Privacy Policy This Privacy Policy outlines how we collect, use, and protect the personal information provided by you when using our website. Information We Collect We may collect the following types of personal information from you: Personal Identification Information: This may include your name and email address when you create an account or [&hellip;]<\/p>","protected":false},"author":1,"featured_media":0,"parent":0,"menu_order":0,"comment_status":"closed","ping_status":"closed","template":"","meta":{"om_disable_all_campaigns":false,"_monsterinsights_skip_tracking":false,"_monsterinsights_sitenote_active":false,"_monsterinsights_sitenote_note":"","_monsterinsights_sitenote_category":0,"_uf_show_specific_survey":0,"_uf_disable_surveys":false,"footnotes":""},"class_list":["post-87","page","type-page","status-publish","hentry"],"aioseo_notices":[],"_links":{"self":[{"href":"https:\/\/decesims.com\/fr\/wp-json\/wp\/v2\/pages\/87","targetHints":{"allow":["GET"]}}],"collection":[{"href":"https:\/\/decesims.com\/fr\/wp-json\/wp\/v2\/pages"}],"about":[{"href":"https:\/\/decesims.com\/fr\/wp-json\/wp\/v2\/types\/page"}],"author":[{"embeddable":true,"href":"https:\/\/decesims.com\/fr\/wp-json\/wp\/v2\/users\/1"}],"replies":[{"embeddable":true,"href":"https:\/\/decesims.com\/fr\/wp-json\/wp\/v2\/comments?post=87"}],"version-history":[{"count":23,"href":"https:\/\/decesims.com\/fr\/wp-json\/wp\/v2\/pages\/87\/revisions"}],"predecessor-version":[{"id":1100,"href":"https:\/\/decesims.com\/fr\/wp-json\/wp\/v2\/pages\/87\/revisions\/1100"}],"wp:attachment":[{"href":"https:\/\/decesims.com\/fr\/wp-json\/wp\/v2\/media?parent=87"}],"curies":[{"name":"wp","href":"https:\/\/api.w.org\/{rel}","templated":true}]}}